{"id":105,"date":"2023-04-22T19:38:54","date_gmt":"2023-04-22T19:38:54","guid":{"rendered":"https:\/\/cryptobutthead.com\/?page_id=105"},"modified":"2023-04-27T22:34:55","modified_gmt":"2023-04-27T22:34:55","slug":"disclaimer","status":"publish","type":"page","link":"https:\/\/cryptobutthead.com\/de\/haftungsauschluss\/","title":{"rendered":"Haftungsauschluss"},"content":{"rendered":"<p><strong><img loading=\"lazy\" decoding=\"async\" class=\"size-medium wp-image-106 alignleft\" src=\"https:\/\/cryptobutthead.com\/wp-content\/uploads\/2023\/04\/cryptobutthead_disclaimer-300x300.jpg\" alt=\"\" width=\"300\" height=\"300\" srcset=\"https:\/\/cryptobutthead.com\/wp-content\/uploads\/2023\/04\/cryptobutthead_disclaimer-300x300.jpg 300w, https:\/\/cryptobutthead.com\/wp-content\/uploads\/2023\/04\/cryptobutthead_disclaimer-150x150.jpg 150w, https:\/\/cryptobutthead.com\/wp-content\/uploads\/2023\/04\/cryptobutthead_disclaimer.jpg 512w\" sizes=\"auto, (max-width: 300px) 100vw, 300px\" \/><em> Disclaimer <\/em><\/strong><\/p>\n<p>Uh huh huh huh, h\u00f6rt zu, Leute. Wir m\u00fcssen etwas total klarstellen: CryptoButthead.com ist nur zum Spa\u00df, Mann.<\/p>\n<p>Wir sind keine Anlageberater, Finanzplaner oder Rechts- oder Steuerprofis. Wir sind einfach eine Gruppe von Leuten, die gerne \u00fcber Geld und die Kryptowelt reden. Die Artikel und Meinungen, die ihr auf dieser Website lest, sind nur unsere pers\u00f6nlichen Gedanken und sollten nicht als professioneller Rat angesehen werden.<\/p>\n<p>Und hey, noch eins: Der redaktionelle Inhalt auf dieser Seite ist total unser eigener. Wir wurden von keiner der Unternehmen oder Entit\u00e4ten, \u00fcber die wir sprechen, bezahlt oder unterst\u00fctzt. Es sind alles nur unsere eigenen total krassen Meinungen.<\/p>\n<p>Also, genie\u00dft die Website, Leute, und denkt daran: Es ist alles nur zum Spa\u00df. Nehmt es nicht zu ernst!<br \/>\n&nbsp;<\/p>\n<p><em><strong>Und hier noch einmal f\u00fcr die etwas Ernsteren Dudes unter euch &#8230;<\/strong><\/em><\/p>\n<div class=\"flex flex-grow flex-col gap-3\">\n<div class=\"min-h-[20px] flex flex-col items-start gap-4 whitespace-pre-wrap\">\n<div class=\"markdown prose w-full break-words dark:prose-invert dark\">\n<p>Crypto Butthead ist ein Projekt der The SiLLC Assembly. Diese Website dient ausschlie\u00dflich der Unterhaltung. Der Eigent\u00fcmer dieser Website ist weder Anlageberater, Finanzplaner noch rechtlicher oder steuerlicher Fachmann. Die hier ver\u00f6ffentlichten Artikel sind eine Meinung und haben einen allgemeinen Charakter und sollten nicht f\u00fcr individuelle Umst\u00e4nde herangezogen werden.<\/p>\n<p><em><strong>Redaktionelle Offenlegung:<\/strong><\/em> Der redaktionelle Inhalt auf dieser Seite wird von keiner der genannten Entit\u00e4ten bereitgestellt. Die hier ge\u00e4u\u00dferten Meinungen sind allein die des Autors und wurden von keiner dieser Entit\u00e4ten \u00fcberpr\u00fcft, genehmigt oder anderweitig gebilligt.<\/p>\n<\/div>\n<\/div>\n<\/div>\n","protected":false},"excerpt":{"rendered":"<p>Disclaimer Uh huh huh huh, h\u00f6rt zu, Leute. Wir m\u00fcssen etwas total klarstellen: CryptoButthead.com ist nur zum Spa\u00df, Mann. Wir sind keine Anlageberater, Finanzplaner oder Rechts- oder Steuerprofis. Wir sind einfach eine Gruppe von Leuten, die gerne \u00fcber Geld und die Kryptowelt reden. Die Artikel und Meinungen, die ihr auf dieser Website lest, sind nur &#8230; <a title=\"Haftungsauschluss\" class=\"read-more\" href=\"https:\/\/cryptobutthead.com\/de\/haftungsauschluss\/\">Read more<span class=\"screen-reader-text\">Haftungsauschluss<\/span><\/a><\/p>\n","protected":false},"author":1,"featured_media":0,"parent":0,"menu_order":0,"comment_status":"closed","ping_status":"closed","template":"","meta":{"footnotes":""},"class_list":["post-105","page","type-page","status-publish"],"aioseo_notices":[],"rttpg_featured_image_url":null,"rttpg_author":{"display_name":"cryptobuttheadxadmin","author_link":"https:\/\/cryptobutthead.com\/de\/author\/cryptobuttheadxadmin\/"},"rttpg_comment":0,"rttpg_category":false,"rttpg_excerpt":"Disclaimer Uh huh huh huh, h\u00f6rt zu, Leute. Wir m\u00fcssen etwas total klarstellen: CryptoButthead.com ist nur zum Spa\u00df, Mann. Wir sind keine Anlageberater, Finanzplaner oder Rechts- oder Steuerprofis. Wir sind einfach eine Gruppe von Leuten, die gerne \u00fcber Geld und die Kryptowelt reden. Die Artikel und Meinungen, die ihr auf dieser Website lest, sind nur&hellip;","_links":{"self":[{"href":"https:\/\/cryptobutthead.com\/de\/wp-json\/wp\/v2\/pages\/105","targetHints":{"allow":["GET"]}}],"collection":[{"href":"https:\/\/cryptobutthead.com\/de\/wp-json\/wp\/v2\/pages"}],"about":[{"href":"https:\/\/cryptobutthead.com\/de\/wp-json\/wp\/v2\/types\/page"}],"author":[{"embeddable":true,"href":"https:\/\/cryptobutthead.com\/de\/wp-json\/wp\/v2\/users\/1"}],"replies":[{"embeddable":true,"href":"https:\/\/cryptobutthead.com\/de\/wp-json\/wp\/v2\/comments?post=105"}],"version-history":[{"count":2,"href":"https:\/\/cryptobutthead.com\/de\/wp-json\/wp\/v2\/pages\/105\/revisions"}],"predecessor-version":[{"id":110,"href":"https:\/\/cryptobutthead.com\/de\/wp-json\/wp\/v2\/pages\/105\/revisions\/110"}],"wp:attachment":[{"href":"https:\/\/cryptobutthead.com\/de\/wp-json\/wp\/v2\/media?parent=105"}],"curies":[{"name":"wp","href":"https:\/\/api.w.org\/{rel}","templated":true}]}}