{"id":412,"date":"2023-05-09T12:10:53","date_gmt":"2023-05-09T12:10:53","guid":{"rendered":"https:\/\/cryptobutthead.com\/?page_id=412"},"modified":"2023-05-22T12:28:45","modified_gmt":"2023-05-22T12:28:45","slug":"crypto-butthead-news","status":"publish","type":"page","link":"https:\/\/cryptobutthead.com\/de\/","title":{"rendered":"CryptoButthead's Nachrichten"},"content":{"rendered":"<style type='text\/css' media='all'>#rt-tpg-container-1786127898 .rt-holder .rt-woo-info .price{color:#0367bf;}body .rt-tpg-container .rt-tpg-isotope-buttons .selected,\n\t\t\t\t\t#rt-tpg-container-1786127898 .layout12 .rt-holder:hover .rt-detail,\n\t\t\t\t\t#rt-tpg-container-1786127898 .isotope8 .rt-holder:hover .rt-detail,\n\t\t\t\t\t#rt-tpg-container-1786127898 .carousel8 .rt-holder:hover .rt-detail,\n\t\t\t\t\t#rt-tpg-container-1786127898 .layout13 .rt-holder .overlay .post-info,\n\t\t\t\t\t#rt-tpg-container-1786127898 .isotope9 .rt-holder .overlay .post-info,\n\t\t\t\t\t#rt-tpg-container-1786127898.rt-tpg-container .layout4 .rt-holder .rt-detail,\n\t\t\t\t\t.rt-modal-1786127898 .md-content,\n\t\t\t\t\t.rt-modal-1786127898 .md-content > .rt-md-content-holder .rt-md-content,\n\t\t\t\t\t.rt-popup-wrap-1786127898.rt-popup-wrap .rt-popup-navigation-wrap,\n\t\t\t\t\t#rt-tpg-container-1786127898 .carousel9 .rt-holder .overlay .post-info{background-color:#0367bf;}#rt-tpg-container-1786127898 .layout5 .rt-holder .overlay, #rt-tpg-container-1786127898 .isotope2 .rt-holder .overlay, #rt-tpg-container-1786127898 .carousel2 .rt-holder .overlay,#rt-tpg-container-1786127898 .layout15 .rt-holder h3, #rt-tpg-container-1786127898 .isotope11 .rt-holder h3, #rt-tpg-container-1786127898 .carousel11 .rt-holder h3, #rt-tpg-container-1786127898 .layout16 .rt-holder h3,\n\t\t\t\t\t#rt-tpg-container-1786127898 .isotope12 .rt-holder h3, #rt-tpg-container-1786127898 .carousel12 .rt-holder h3 {background-color:rgba(3,103,191,0.8);}#rt-tpg-container-1786127898 .read-more a{border-radius:2px;}#rt-tpg-container-1786127898 .rt-img-holder img.rt-img-responsive,#rt-tpg-container-1786127898 .rt-img-holder,\n\t\t\t\t\t#rt-tpg-container-1786127898 .rt-post-overlay .post-img,\n\t\t\t\t\t#rt-tpg-container-1786127898 .post-sm .post-img,\n\t\t\t\t\t#rt-tpg-container-1786127898 .rt-post-grid .post-img,\n\t\t\t\t\t#rt-tpg-container-1786127898 .post-img img {border-radius:px;}<\/style><div class='rt-container-fluid rt-tpg-container tpg-shortcode-main-wrapper  loading' id='rt-tpg-container-1786127898'   data-layout='layout2' data-grid-style='even' data-desktop-col='2'  data-tab-col='2'  data-mobile-col='1' data-sc-id='416'><div class=\"tpg-widget-heading-wrapper heading-style1 \"><span class=\"tpg-widget-heading-line line-left\"><\/span><h2 class=\"tpg-widget-heading\">CBH News<\/h2><span class=\"tpg-widget-heading-line\"><\/span><\/div><div id=\"bottom-script-loader\" class=\"bottom-script-loader\"><div class=\"rt-ball-clip-rotate\"><div><\/div><\/div><\/div><div data-title='Loading ...' class='rt-row rt-content-loader   layout2 tpg-even '><div class=\"rt-col-md-6 rt-col-sm-6 rt-col-xs-12 even-grid-item rt-grid-item\" data-id=\"1251\"><div class=\"rt-holder\"><div class=\"rt-row\"><div class='rt-col-sm-4 rt-col-xs-12 '><div class=\"rt-img-holder\"><a data-id='1251' class='' href='https:\/\/cryptobutthead.com\/de\/krypto-tech-aktien-boomen-2024-jahresende\/'><img loading=\"lazy\" decoding=\"async\" class=\"rt-img-responsive \" src=\"https:\/\/cryptobutthead.com\/wp-content\/uploads\/2024\/12\/z_cbh_xcdn_100-300x300.jpg\" width=\"300\" height=\"300\" alt=\"Krypto und Tech-Aktien boomen: 2024 endet mit einem Knall\" \/><\/a><\/div><\/div><div class='rt-col-sm-8 rt-col-xs-12 '><div class='rt-detail'><h3 class=\"entry-title\"><a data-id=\"1251\" class=\"\" href=\"https:\/\/cryptobutthead.com\/de\/krypto-tech-aktien-boomen-2024-jahresende\/\">Krypto und Tech-Aktien boomen: 2024 endet mit einem Knall<\/a><\/h3><div class='post-meta-user '><span class='date-meta'><i class='far fa-calendar-alt '><\/i>Dezember 31, 2024<\/span><\/div><div class='tpg-excerpt'>Howdy, Freunde! Hier ist Ash mit meinem treuen Kumpel Booker, und wir bringen euch die hei\u00dfesten News, w\u00e4hrend 2024 dem Ende zugeht. Setzt euch hin...<\/div><span class='read-more '><a data-id='1251' class='' href='https:\/\/cryptobutthead.com\/de\/krypto-tech-aktien-boomen-2024-jahresende\/'>&gt;&gt;&gt;&gt;&gt;<\/a><\/span><\/div><\/div><\/div><\/div><\/div><div class=\"rt-col-md-6 rt-col-sm-6 rt-col-xs-12 even-grid-item rt-grid-item\" data-id=\"1241\"><div class=\"rt-holder\"><div class=\"rt-row\"><div class='rt-col-sm-4 rt-col-xs-12 '><div class=\"rt-img-holder\"><a data-id='1241' class='' href='https:\/\/cryptobutthead.com\/de\/bitcoin-93k-sec-klage\/'><img loading=\"lazy\" decoding=\"async\" class=\"rt-img-responsive \" src=\"https:\/\/cryptobutthead.com\/wp-content\/uploads\/2024\/11\/z_cbh_xcdn_098-300x300.jpg\" width=\"300\" height=\"300\" alt=\"Bitcoin schie\u00dft \u00fcber $93k, SEC hat \u00c4rger in Texas\" \/><\/a><\/div><\/div><div class='rt-col-sm-8 rt-col-xs-12 '><div class='rt-detail'><h3 class=\"entry-title\"><a data-id=\"1241\" class=\"\" href=\"https:\/\/cryptobutthead.com\/de\/bitcoin-93k-sec-klage\/\">Bitcoin schie\u00dft \u00fcber $93k, SEC hat \u00c4rger in Texas<\/a><\/h3><div class='post-meta-user '><span class='date-meta'><i class='far fa-calendar-alt '><\/i>November 19, 2024<\/span><\/div><div class='tpg-excerpt'>Howdy! Wir sind es wieder &#8230; Ash und Booker! Bitcoin schoss mal wieder \u00fcber $93.000, schneller als ein Hase auf einer Verabredung. In der Zwischenzeit...<\/div><span class='read-more '><a data-id='1241' class='' href='https:\/\/cryptobutthead.com\/de\/bitcoin-93k-sec-klage\/'>&gt;&gt;&gt;&gt;&gt;<\/a><\/span><\/div><\/div><\/div><\/div><\/div><div class=\"rt-col-md-6 rt-col-sm-6 rt-col-xs-12 even-grid-item rt-grid-item\" data-id=\"1229\"><div class=\"rt-holder\"><div class=\"rt-row\"><div class='rt-col-sm-4 rt-col-xs-12 '><div class=\"rt-img-holder\"><a data-id='1229' class='' href='https:\/\/cryptobutthead.com\/de\/bitcoin-preisziele-wahl-trump-harris\/'><img loading=\"lazy\" decoding=\"async\" class=\"rt-img-responsive \" src=\"https:\/\/cryptobutthead.com\/wp-content\/uploads\/2024\/11\/z_cbh_xcdn_095-300x300.jpg\" width=\"300\" height=\"300\" alt=\"Trump gegen Harris: Das Bitcoin-Duell, das den Markt auf den Kopf stellen k\u00f6nnte\" \/><\/a><\/div><\/div><div class='rt-col-sm-8 rt-col-xs-12 '><div class='rt-detail'><h3 class=\"entry-title\"><a data-id=\"1229\" class=\"\" href=\"https:\/\/cryptobutthead.com\/de\/bitcoin-preisziele-wahl-trump-harris\/\">Trump gegen Harris: Das Bitcoin-Duell, das den Markt auf den Kopf stellen k\u00f6nnte<\/a><\/h3><div class='post-meta-user '><span class='date-meta'><i class='far fa-calendar-alt '><\/i>November 5, 2024<\/span><\/div><div class='tpg-excerpt'>Howdy, Leute! Haltet euch fest, denn bei dieser US-Wahl geht\u2019s nicht nur drum, wer ins Wei\u00dfe Haus einzieht. Nein, hier dreht es sich auch darum...<\/div><span class='read-more '><a data-id='1229' class='' href='https:\/\/cryptobutthead.com\/de\/bitcoin-preisziele-wahl-trump-harris\/'>&gt;&gt;&gt;&gt;&gt;<\/a><\/span><\/div><\/div><\/div><\/div><\/div><div class=\"rt-col-md-6 rt-col-sm-6 rt-col-xs-12 even-grid-item rt-grid-item\" data-id=\"1223\"><div class=\"rt-holder\"><div class=\"rt-row\"><div class='rt-col-sm-4 rt-col-xs-12 '><div class=\"rt-img-holder\"><a data-id='1223' class='' href='https:\/\/cryptobutthead.com\/de\/bitcoin-65576-microstrategy-billionen-dollar-bitcoin-bank-ethereum-hinkt-nach\/'><img loading=\"lazy\" decoding=\"async\" class=\"rt-img-responsive \" src=\"https:\/\/cryptobutthead.com\/wp-content\/uploads\/2024\/10\/z_cbh_xcdn_094-1-300x300.jpg\" width=\"300\" height=\"300\" alt=\"Bitcoin bei 64.602 US-Dollar, MicroStrategy zielt auf Billionen-Bewertung als Bitcoin-Bank, Ethereum k\u00f6nnte etwas besser laufen\" \/><\/a><\/div><\/div><div class='rt-col-sm-8 rt-col-xs-12 '><div class='rt-detail'><h3 class=\"entry-title\"><a data-id=\"1223\" class=\"\" href=\"https:\/\/cryptobutthead.com\/de\/bitcoin-65576-microstrategy-billionen-dollar-bitcoin-bank-ethereum-hinkt-nach\/\">Bitcoin bei 64.602 US-Dollar, MicroStrategy zielt auf Billionen-Bewertung als Bitcoin-Bank, Ethereum k\u00f6nnte etwas besser laufen<\/a><\/h3><div class='post-meta-user '><span class='date-meta'><i class='far fa-calendar-alt '><\/i>Oktober 14, 2024<\/span><\/div><div class='tpg-excerpt'>Na, Partner, es war eine wilde Fahrt, aber schau mal, wer sich zur\u00fcck zu den gro\u00dfen Zahlen k\u00e4mpft. Bitcoin zur\u00fcck bei einer stolzen Marke von...<\/div><span class='read-more '><a data-id='1223' class='' href='https:\/\/cryptobutthead.com\/de\/bitcoin-65576-microstrategy-billionen-dollar-bitcoin-bank-ethereum-hinkt-nach\/'>&gt;&gt;&gt;&gt;&gt;<\/a><\/span><\/div><\/div><\/div><\/div><\/div><\/div><div class='rt-pagination-wrap' data-total-pages='27' data-posts-per-page='4' data-type='pagination'  ><div class=\"rt-pagination\" ><ul class=\"pagination-list\"><li class=\"active\"><span>1<\/span><\/li><li><a data-paged='2' href='https:\/\/cryptobutthead.com\/de\/wp-json\/wp\/v2\/pages\/412\/page\/2\/'>2<\/a><\/li><li><a data-paged='3' href='https:\/\/cryptobutthead.com\/de\/wp-json\/wp\/v2\/pages\/412\/page\/3\/'>3<\/a><\/li><li><a data-paged='4' href='https:\/\/cryptobutthead.com\/de\/wp-json\/wp\/v2\/pages\/412\/page\/4\/'>4<\/a><\/li><li><a data-paged='5' href='https:\/\/cryptobutthead.com\/de\/wp-json\/wp\/v2\/pages\/412\/page\/5\/'>5<\/a><\/li><li><a data-paged='2' href=\"https:\/\/cryptobutthead.com\/de\/wp-json\/wp\/v2\/pages\/412\/page\/2\/\"  aria-label='Next'>&rsaquo;<\/a><\/li><li><a data-paged='27' href='https:\/\/cryptobutthead.com\/de\/wp-json\/wp\/v2\/pages\/412\/page\/27\/' aria-label='Last'>&raquo;<\/a><\/li><\/ul><\/div><\/div><\/div>\n","protected":false},"excerpt":{"rendered":"<p>[CryptoButthead.com , msc, mschro, 14. Oktober 2024] Na, Partner, es war eine wilde Fahrt, aber schau mal, wer sich zur\u00fcck zu den gro\u00dfen Zahlen k\u00e4mpft. Bitcoin zur\u00fcck bei einer stolzen Marke von 64.602 US-Dollar. Wenn das kein Grund zum Feiern ist, dann wei\u00df ich auch nicht! Ash hier grinst den ganzen Tag und meint, wir &#8230; <a title=\"Bitcoin bei 64.602 US-Dollar, MicroStrategy zielt auf Billionen-Bewertung als Bitcoin-Bank, Ethereum k\u00f6nnte etwas besser laufen\" class=\"read-more\" href=\"https:\/\/cryptobutthead.com\/de\/bitcoin-65576-microstrategy-billionen-dollar-bitcoin-bank-ethereum-hinkt-nach\/\">Read more<span class=\"screen-reader-text\">Bitcoin bei 64.602 US-Dollar, MicroStrategy zielt auf Billionen-Bewertung als Bitcoin-Bank, Ethereum k\u00f6nnte etwas besser laufen<\/span><\/a><\/p>\n","protected":false},"author":1,"featured_media":0,"parent":0,"menu_order":0,"comment_status":"closed","ping_status":"closed","template":"","meta":{"footnotes":""},"class_list":["post-412","page","type-page","status-publish","hentry"],"aioseo_notices":[],"rttpg_featured_image_url":null,"rttpg_author":{"display_name":"cryptobuttheadxadmin","author_link":"https:\/\/cryptobutthead.com\/de\/author\/cryptobuttheadxadmin\/"},"rttpg_comment":0,"rttpg_category":"","rttpg_excerpt":"[CryptoButthead.com , msc, mschro, 14. Oktober 2024] Na, Partner, es war eine wilde Fahrt, aber schau mal, wer sich zur\u00fcck zu den gro\u00dfen Zahlen k\u00e4mpft. Bitcoin zur\u00fcck bei einer stolzen Marke von 64.602 US-Dollar. Wenn das kein Grund zum Feiern ist, dann wei\u00df ich auch nicht! Ash hier grinst den ganzen Tag und meint, wir&hellip;","_links":{"self":[{"href":"https:\/\/cryptobutthead.com\/de\/wp-json\/wp\/v2\/pages\/412","targetHints":{"allow":["GET"]}}],"collection":[{"href":"https:\/\/cryptobutthead.com\/de\/wp-json\/wp\/v2\/pages"}],"about":[{"href":"https:\/\/cryptobutthead.com\/de\/wp-json\/wp\/v2\/types\/page"}],"author":[{"embeddable":true,"href":"https:\/\/cryptobutthead.com\/de\/wp-json\/wp\/v2\/users\/1"}],"replies":[{"embeddable":true,"href":"https:\/\/cryptobutthead.com\/de\/wp-json\/wp\/v2\/comments?post=412"}],"version-history":[{"count":2,"href":"https:\/\/cryptobutthead.com\/de\/wp-json\/wp\/v2\/pages\/412\/revisions"}],"predecessor-version":[{"id":422,"href":"https:\/\/cryptobutthead.com\/de\/wp-json\/wp\/v2\/pages\/412\/revisions\/422"}],"wp:attachment":[{"href":"https:\/\/cryptobutthead.com\/de\/wp-json\/wp\/v2\/media?parent=412"}],"curies":[{"name":"wp","href":"https:\/\/api.w.org\/{rel}","templated":true}]}}