{"id":6,"date":"2022-11-10T10:29:41","date_gmt":"2022-11-10T10:29:41","guid":{"rendered":"https:\/\/cryptobutthead.com\/?page_id=6"},"modified":"2023-04-27T22:35:55","modified_gmt":"2023-04-27T22:35:55","slug":"privacy-policy-2","status":"publish","type":"page","link":"https:\/\/cryptobutthead.com\/de\/nutzungsbestimmungen\/","title":{"rendered":"Nutzungsbestimmungen"},"content":{"rendered":"<p><img loading=\"lazy\" decoding=\"async\" class=\"size-medium wp-image-93 alignleft\" src=\"https:\/\/cryptobutthead.com\/wp-content\/uploads\/2023\/04\/cryptobutthead_lawyer-300x300.jpg\" alt=\"\" width=\"300\" height=\"300\" srcset=\"https:\/\/cryptobutthead.com\/wp-content\/uploads\/2023\/04\/cryptobutthead_lawyer-300x300.jpg 300w, https:\/\/cryptobutthead.com\/wp-content\/uploads\/2023\/04\/cryptobutthead_lawyer-150x150.jpg 150w, https:\/\/cryptobutthead.com\/wp-content\/uploads\/2023\/04\/cryptobutthead_lawyer.jpg 512w\" sizes=\"auto, (max-width: 300px) 100vw, 300px\" \/>Uh huh huh huh, du willst also wissen, wer wir sind? Wir sind die Leute hinter cryptobutthead.com, der krassesten Aktienanalyse-Website im Netz!<\/p>\n<p>Wir sind die Plattform f\u00fcr all die jungen Leute da drau\u00dfen, die sich ernsthaft mit ihren Finanzen und dem Verm\u00f6gensaufbau besch\u00e4ftigen wollen.<\/p>\n<p>Unser Team hat schon ein paar J\u00e4hrchen Erfahrung an den Finanzm\u00e4rkten und wir wissen, wie der Hase l\u00e4uft. Und wir sind hier, um dich auf dem richtigen Weg zu begleiten, damit du das Geld verdienen kannst, von dem alle deine Freunde tr\u00e4umen. Uh huh huh huh.<\/p>\n<p>Also, wenn du bereit bist, es mit deinem Geld ernst zu meinen, bist du hier genau richtig. Wir bringen dir alles bei, was du \u00fcber Investitionen, Sparen und Verm\u00f6gensaufbau wissen musst. Es wird total cool, Leute!<\/p>\n<p>Wenn du einen Kommentar auf unserer Seite hinterl\u00e4sst, sammeln wir einige Daten, um gegen diese nervigen Spammer anzuk\u00e4mpfen. Wir verwenden auch m\u00f6glicherweise deine E-Mail-Adresse, um zu sehen, ob du Gravatar verwendest. Und wenn dein Kommentar genehmigt wird, kann jeder dein total cooles Profilbild sehen.<\/p>\n<p>Wenn du Bilder auf unserer Website hochl\u00e4dst, solltest du darauf achten, keine Standortdaten einzuf\u00fcgen. Wir wollen nicht, dass dich jemand aufsp\u00fcrt, Mann.<\/p>\n<p>Wir verwenden auch Cookies, um dein Leben einfacher zu machen. Wenn du einen Kommentar hinterl\u00e4sst, speichern wir deine Informationen, damit du sie nicht jedes Mal neu eingeben musst. Und wenn du dich einloggst, speichern wir auch diese Informationen, damit du dich nicht jedes Mal neu anmelden musst, wenn du unsere Website besuchst.<\/p>\n<p>Und keine Sorge, wir werden deine Daten nicht an irgendjemanden weitergeben, es sei denn, du bittest uns, dein Passwort zur\u00fcckzusetzen. Und selbst dann werden wir deine IP-Adresse privat halten.<\/p>\n<p>Also, das sind wir, Leute. Das ist, wer wir sind und was wir tun. Bleibt krass!<\/p>\n<p>Und f\u00fcr die ernsthaften Dudes unter euch &#8230;<\/p>\n<div class=\"flex flex-grow flex-col gap-3\">\n<div class=\"min-h-[20px] flex flex-col items-start gap-4 whitespace-pre-wrap\">\n<div class=\"markdown prose w-full break-words dark:prose-invert dark\">\n<p><strong>Wer wir sind<\/strong><\/p>\n<p>Unsere Website-Adresse lautet: <a href=\"https:\/\/cryptobutthead.com\" target=\"_new\">https:\/\/cryptobutthead.com<\/a>.<\/p>\n<p><strong>Kommentare<\/strong><\/p>\n<p>Wenn Besucher Kommentare auf der Website hinterlassen, sammeln wir die Daten, die im Kommentarformular angezeigt werden, sowie die IP-Adresse und den Browser-Benutzeragenten-String des Besuchers, um bei der Spam-Erkennung zu helfen.<\/p>\n<p>Eine anonymisierte Zeichenfolge, die von Ihrer E-Mail-Adresse erstellt wurde (auch als Hash bezeichnet), kann an den Gravatar-Dienst weitergegeben werden, um zu pr\u00fcfen, ob Sie ihn verwenden. Die Datenschutzerkl\u00e4rung des Gravatar-Dienstes ist hier verf\u00fcgbar: <a href=\"https:\/\/automattic.com\/privacy\/\" target=\"_new\">https:\/\/automattic.com\/privacy\/<\/a>. Nach Freigabe Ihres Kommentars ist Ihr Profilbild im Kontext Ihres Kommentars f\u00fcr die \u00d6ffentlichkeit sichtbar.<\/p>\n<p><strong>Medien<\/strong><\/p>\n<p>Wenn Sie Bilder auf die Website hochladen, sollten Sie vermeiden, Bilder mit eingebetteten Standortdaten (EXIF GPS) hochzuladen. Besucher der Website k\u00f6nnen Standortdaten aus Bildern auf der Website herunterladen und extrahieren.<\/p>\n<p><strong>Cookies<\/strong><\/p>\n<p>Wenn Sie einen Kommentar auf unserer Website hinterlassen, k\u00f6nnen Sie sich daf\u00fcr entscheiden, Ihren Namen, Ihre E-Mail-Adresse und Ihre Website in Cookies zu speichern. Diese sind f\u00fcr Ihre Bequemlichkeit, damit Sie Ihre Details nicht erneut eingeben m\u00fcssen, wenn Sie einen weiteren Kommentar hinterlassen. Diese Cookies werden ein Jahr lang gespeichert.<\/p>\n<p>Wenn Sie unsere Anmeldeseite besuchen, setzen wir einen tempor\u00e4ren Cookie, um zu pr\u00fcfen, ob Ihr Browser Cookies akzeptiert. Dieser Cookie enth\u00e4lt keine pers\u00f6nlichen Daten und wird beim Schlie\u00dfen Ihres Browsers verworfen.<\/p>\n<p>Wenn Sie sich anmelden, werden wir auch mehrere Cookies einrichten, um Ihre Anmeldeinformationen und Ihre Bildschirmanzeigeoptionen zu speichern. Anmelde-Cookies bleiben f\u00fcr zwei Tage und Bildschirmoptionen-Cookies bleiben f\u00fcr ein Jahr bestehen. Wenn Sie &#8222;Angemeldet bleiben&#8220; ausw\u00e4hlen, bleibt Ihr Login f\u00fcr zwei Wochen erhalten. Wenn Sie sich von Ihrem Konto abmelden, werden die Anmelde-Cookies entfernt.<\/p>\n<p>Wenn Sie einen Artikel bearbeiten oder ver\u00f6ffentlichen, wird ein zus\u00e4tzlicher Cookie in Ihrem Browser gespeichert. Dieser Cookie enth\u00e4lt keine pers\u00f6nlichen Daten und gibt lediglich die Post-ID des Artikels an, den Sie gerade bearbeitet haben. Es l\u00e4uft nach 1 Tag ab.<\/p>\n<p><strong>Eingebettete Inhalte von anderen Websites<\/strong><\/p>\n<p>Artikel auf dieser Website k\u00f6nnen eingebettete Inhalte enthalten (z. B. Videos, Bilder, Artikel usw.). Eingebettete Inhalte von anderen Websites verhalten sich genau so, als ob der Besucher die andere Website besucht h\u00e4tte.<\/p>\n<p>Diese Websites k\u00f6nnen Daten \u00fcber Sie sammeln, Cookies verwenden, zus\u00e4tzliche Tracking-Dienste von Dritten einbetten und Ihre Interaktion mit diesem eingebetteten Inhalt \u00fcberwachen, einschlie\u00dflich der Verfolgung Ihrer Interaktion mit dem eingebetteten Inhalt, wenn Sie ein Konto haben und auf dieser Website angemeldet sind.<\/p>\n<div class=\"flex flex-grow flex-col gap-3\">\n<div class=\"min-h-[20px] flex flex-col items-start gap-4 whitespace-pre-wrap\">\n<div class=\"markdown prose w-full break-words dark:prose-invert dark\">\n<p><strong>Mit wem wir Ihre Daten teilen<\/strong><\/p>\n<p>Wenn Sie eine Passwortr\u00fccksetzung anfordern, wird Ihre IP-Adresse in der E-Mail zur Zur\u00fccksetzung enthalten sein.<\/p>\n<p><strong>Wie lange wir Ihre Daten speichern<\/strong><\/p>\n<p>Wenn Sie einen Kommentar hinterlassen, wird der Kommentar und seine Metadaten auf unbestimmte Zeit gespeichert. Dies geschieht, damit wir automatisch Folgekommentare erkennen und genehmigen k\u00f6nnen, anstatt sie in einer Moderationswarteschlange zu halten.<\/p>\n<p>F\u00fcr Benutzer, die sich auf unserer Website registrieren (falls vorhanden), speichern wir auch die pers\u00f6nlichen Informationen, die sie in ihrem Benutzerprofil angeben. Alle Benutzer k\u00f6nnen ihre pers\u00f6nlichen Informationen jederzeit einsehen, bearbeiten oder l\u00f6schen (mit Ausnahme ihres Benutzernamens, den sie nicht \u00e4ndern k\u00f6nnen). Website-Administratoren k\u00f6nnen auch diese Informationen sehen und bearbeiten.<\/p>\n<p><strong>Welche Rechte Sie an Ihren Daten haben<\/strong><\/p>\n<p>Wenn Sie ein Konto auf dieser Website haben oder Kommentare hinterlassen haben, k\u00f6nnen Sie verlangen, dass wir eine exportierte Datei der personenbezogenen Daten, die wir \u00fcber Sie gespeichert haben, erhalten, einschlie\u00dflich aller von Ihnen bereitgestellten Daten. Sie k\u00f6nnen auch verlangen, dass wir alle personenbezogenen Daten, die wir \u00fcber Sie gespeichert haben, l\u00f6schen. Dies umfasst nicht die Daten, die wir aus administrativen, rechtlichen oder Sicherheitsgr\u00fcnden aufbewahren m\u00fcssen.<\/p>\n<p><strong>Wohin Ihre Daten gesendet werden<\/strong><\/p>\n<p>Besucher-Kommentare k\u00f6nnen durch einen automatisierten Spam-Erkennungsdienst \u00fcberpr\u00fcft werden.<\/p>\n<\/div>\n<\/div>\n<\/div>\n<\/div>\n<\/div>\n<\/div>\n","protected":false},"excerpt":{"rendered":"<p>Uh huh huh huh, du willst also wissen, wer wir sind? Wir sind die Leute hinter cryptobutthead.com, der krassesten Aktienanalyse-Website im Netz! Wir sind die Plattform f\u00fcr all die jungen Leute da drau\u00dfen, die sich ernsthaft mit ihren Finanzen und dem Verm\u00f6gensaufbau besch\u00e4ftigen wollen. Unser Team hat schon ein paar J\u00e4hrchen Erfahrung an den Finanzm\u00e4rkten &#8230; <a title=\"Nutzungsbestimmungen\" class=\"read-more\" href=\"https:\/\/cryptobutthead.com\/de\/nutzungsbestimmungen\/\">Read more<span class=\"screen-reader-text\">Nutzungsbestimmungen<\/span><\/a><\/p>\n","protected":false},"author":1,"featured_media":0,"parent":0,"menu_order":0,"comment_status":"closed","ping_status":"closed","template":"","meta":{"footnotes":""},"class_list":["post-6","page","type-page","status-publish"],"aioseo_notices":[],"rttpg_featured_image_url":null,"rttpg_author":{"display_name":"cryptobuttheadxadmin","author_link":"https:\/\/cryptobutthead.com\/de\/author\/cryptobuttheadxadmin\/"},"rttpg_comment":0,"rttpg_category":false,"rttpg_excerpt":"Uh huh huh huh, du willst also wissen, wer wir sind? Wir sind die Leute hinter cryptobutthead.com, der krassesten Aktienanalyse-Website im Netz! Wir sind die Plattform f\u00fcr all die jungen Leute da drau\u00dfen, die sich ernsthaft mit ihren Finanzen und dem Verm\u00f6gensaufbau besch\u00e4ftigen wollen. Unser Team hat schon ein paar J\u00e4hrchen Erfahrung an den Finanzm\u00e4rkten&hellip;","_links":{"self":[{"href":"https:\/\/cryptobutthead.com\/de\/wp-json\/wp\/v2\/pages\/6","targetHints":{"allow":["GET"]}}],"collection":[{"href":"https:\/\/cryptobutthead.com\/de\/wp-json\/wp\/v2\/pages"}],"about":[{"href":"https:\/\/cryptobutthead.com\/de\/wp-json\/wp\/v2\/types\/page"}],"author":[{"embeddable":true,"href":"https:\/\/cryptobutthead.com\/de\/wp-json\/wp\/v2\/users\/1"}],"replies":[{"embeddable":true,"href":"https:\/\/cryptobutthead.com\/de\/wp-json\/wp\/v2\/comments?post=6"}],"version-history":[{"count":2,"href":"https:\/\/cryptobutthead.com\/de\/wp-json\/wp\/v2\/pages\/6\/revisions"}],"predecessor-version":[{"id":94,"href":"https:\/\/cryptobutthead.com\/de\/wp-json\/wp\/v2\/pages\/6\/revisions\/94"}],"wp:attachment":[{"href":"https:\/\/cryptobutthead.com\/de\/wp-json\/wp\/v2\/media?parent=6"}],"curies":[{"name":"wp","href":"https:\/\/api.w.org\/{rel}","templated":true}]}}