{"id":95,"date":"2023-04-22T19:18:58","date_gmt":"2023-04-22T19:18:58","guid":{"rendered":"https:\/\/cryptobutthead.com\/?page_id=95"},"modified":"2023-05-05T09:00:06","modified_gmt":"2023-05-05T09:00:06","slug":"donate","status":"publish","type":"page","link":"https:\/\/cryptobutthead.com\/de\/spenden\/","title":{"rendered":"Spenden"},"content":{"rendered":"<p><img loading=\"lazy\" decoding=\"async\" class=\"size-medium wp-image-96 alignleft\" src=\"https:\/\/cryptobutthead.com\/wp-content\/uploads\/2023\/04\/cryptobutthead_donations-300x300.jpg\" alt=\"\" width=\"300\" height=\"300\" srcset=\"https:\/\/cryptobutthead.com\/wp-content\/uploads\/2023\/04\/cryptobutthead_donations-300x300.jpg 300w, https:\/\/cryptobutthead.com\/wp-content\/uploads\/2023\/04\/cryptobutthead_donations-150x150.jpg 150w, https:\/\/cryptobutthead.com\/wp-content\/uploads\/2023\/04\/cryptobutthead_donations.jpg 512w\" sizes=\"auto, (max-width: 300px) 100vw, 300px\" \/> Uh huh huh huh, was geht ab, Leute? Wir haben heute eine total coole Nachricht f\u00fcr euch. Ihr k\u00f6nnt jetzt Spenden an CryptoButthead.com mit Bitcoin t\u00e4tigen, nutzt daf\u00fcr einfach unsere Bitcoin Adresse <em><strong>bc1qcs35vjdsdxgqhugg05mh469ngrezv2s38fajn0<\/strong><\/em> oder nutzt unten den QR Code!<\/p>\n<p>Das stimmt, ihr k\u00f6nnt uns helfen, diese krasse Website am Laufen zu halten, indem ihr uns ein paar s\u00fc\u00dfe Bitcoin schickt. Wir werden diese Spenden verwenden, um immer neue Funktionen und Tools hinzuzuf\u00fcgen, und wir werden sogar bald unsere eigenen Bitcoin-Fullnodes einrichten. Wie cool ist das denn?<\/p>\n<p>Und wisst ihr was? Wenn ihr an CryptoButthead.com spendet, unterst\u00fctzt ihr nicht nur uns, sondern die gesamte Krypto-Community. Wir sind alle gemeinsam dabei, Leute, und jeder kleine Beitrag z\u00e4hlt.<\/p>\n<p>Also, wenn ihr Teil von etwas total krassen sein wollt, spendet heute etwas Bitcoin an CryptoButthead.com. Eure Unterst\u00fctzung bedeutet uns alles, und wir versprechen, weiterzumachen und zu rocken!<\/p>\n<p><img loading=\"lazy\" decoding=\"async\" class=\"size-medium wp-image-97 alignright\" src=\"https:\/\/cryptobutthead.com\/wp-content\/uploads\/2023\/04\/donate-300x300.png\" alt=\"\" width=\"300\" height=\"300\" srcset=\"https:\/\/cryptobutthead.com\/wp-content\/uploads\/2023\/04\/donate-300x300.png 300w, https:\/\/cryptobutthead.com\/wp-content\/uploads\/2023\/04\/donate-150x150.png 150w, https:\/\/cryptobutthead.com\/wp-content\/uploads\/2023\/04\/donate.png 340w\" sizes=\"auto, (max-width: 300px) 100vw, 300px\" \/><\/p>\n","protected":false},"excerpt":{"rendered":"<p>Uh huh huh huh, was geht ab, Leute? Wir haben heute eine total coole Nachricht f\u00fcr euch. Ihr k\u00f6nnt jetzt Spenden an CryptoButthead.com mit Bitcoin t\u00e4tigen, nutzt daf\u00fcr einfach unsere Bitcoin Adresse bc1qcs35vjdsdxgqhugg05mh469ngrezv2s38fajn0 oder nutzt unten den QR Code! Das stimmt, ihr k\u00f6nnt uns helfen, diese krasse Website am Laufen zu halten, indem ihr uns &#8230; <a title=\"Spenden\" class=\"read-more\" href=\"https:\/\/cryptobutthead.com\/de\/spenden\/\">Read more<span class=\"screen-reader-text\">Spenden<\/span><\/a><\/p>\n","protected":false},"author":1,"featured_media":0,"parent":0,"menu_order":0,"comment_status":"closed","ping_status":"closed","template":"","meta":{"footnotes":""},"class_list":["post-95","page","type-page","status-publish"],"aioseo_notices":[],"rttpg_featured_image_url":null,"rttpg_author":{"display_name":"cryptobuttheadxadmin","author_link":"https:\/\/cryptobutthead.com\/de\/author\/cryptobuttheadxadmin\/"},"rttpg_comment":0,"rttpg_category":false,"rttpg_excerpt":"Uh huh huh huh, was geht ab, Leute? Wir haben heute eine total coole Nachricht f\u00fcr euch. Ihr k\u00f6nnt jetzt Spenden an CryptoButthead.com mit Bitcoin t\u00e4tigen, nutzt daf\u00fcr einfach unsere Bitcoin Adresse bc1qcs35vjdsdxgqhugg05mh469ngrezv2s38fajn0 oder nutzt unten den QR Code! Das stimmt, ihr k\u00f6nnt uns helfen, diese krasse Website am Laufen zu halten, indem ihr uns&hellip;","_links":{"self":[{"href":"https:\/\/cryptobutthead.com\/de\/wp-json\/wp\/v2\/pages\/95","targetHints":{"allow":["GET"]}}],"collection":[{"href":"https:\/\/cryptobutthead.com\/de\/wp-json\/wp\/v2\/pages"}],"about":[{"href":"https:\/\/cryptobutthead.com\/de\/wp-json\/wp\/v2\/types\/page"}],"author":[{"embeddable":true,"href":"https:\/\/cryptobutthead.com\/de\/wp-json\/wp\/v2\/users\/1"}],"replies":[{"embeddable":true,"href":"https:\/\/cryptobutthead.com\/de\/wp-json\/wp\/v2\/comments?post=95"}],"version-history":[{"count":2,"href":"https:\/\/cryptobutthead.com\/de\/wp-json\/wp\/v2\/pages\/95\/revisions"}],"predecessor-version":[{"id":101,"href":"https:\/\/cryptobutthead.com\/de\/wp-json\/wp\/v2\/pages\/95\/revisions\/101"}],"wp:attachment":[{"href":"https:\/\/cryptobutthead.com\/de\/wp-json\/wp\/v2\/media?parent=95"}],"curies":[{"name":"wp","href":"https:\/\/api.w.org\/{rel}","templated":true}]}}